{"id":2103,"date":"2025-05-30T11:13:29","date_gmt":"2025-05-30T11:13:29","guid":{"rendered":"https:\/\/pruebasmarketing.pixelinnova.com\/?post_type=product&#038;p=2103"},"modified":"2025-06-24T09:04:06","modified_gmt":"2025-06-24T09:04:06","slug":"prueba-agenda-charuca-anual-2025-copia-2","status":"publish","type":"product","link":"https:\/\/pruebasmarketing.pixelinnova.com\/en\/producto\/prueba-agenda-charuca-anual-2025-copia-2\/","title":{"rendered":"[Prueba] Agenda Charuca Anual 2025 (copia)"},"content":{"rendered":"<p>Esta es la descripci\u00f3n larga en la que damos todos los detalles sobre los materiales, forma y dem\u00e1s, ser\u00e1 extensa para mejorar el posicionamiento org\u00e1nico del producto.<\/p>\n","protected":false},"excerpt":{"rendered":"<p>Descripci\u00f3n corta del producto, atractiva y descriptiva en pocas palabras, dos l\u00edneas aprox. Aparece antes del bot\u00f3n de comprar y se sincroniza con Meta Shopping.<\/p>\n","protected":false},"featured_media":2028,"comment_status":"open","ping_status":"closed","template":"","meta":{"_acf_changed":false,"site-sidebar-layout":"default","site-content-layout":"","ast-site-content-layout":"default","site-content-style":"default","site-sidebar-style":"default","ast-global-header-display":"","ast-banner-title-visibility":"","ast-main-header-display":"","ast-hfb-above-header-display":"","ast-hfb-below-header-display":"","ast-hfb-mobile-header-display":"","site-post-title":"","ast-breadcrumbs-content":"","ast-featured-img":"","footer-sml-layout":"","theme-transparent-header-meta":"default","adv-header-id-meta":"","stick-header-meta":"","header-above-stick-meta":"","header-main-stick-meta":"","header-below-stick-meta":"","astra-migrate-meta-layouts":"set","ast-page-background-enabled":"default","ast-page-background-meta":{"desktop":{"background-color":"","background-image":"","background-repeat":"repeat","background-position":"center center","background-size":"auto","background-attachment":"scroll","background-type":"","background-media":"","overlay-type":"","overlay-color":"","overlay-opacity":"","overlay-gradient":""},"tablet":{"background-color":"","background-image":"","background-repeat":"repeat","background-position":"center center","background-size":"auto","background-attachment":"scroll","background-type":"","background-media":"","overlay-type":"","overlay-color":"","overlay-opacity":"","overlay-gradient":""},"mobile":{"background-color":"","background-image":"","background-repeat":"repeat","background-position":"center center","background-size":"auto","background-attachment":"scroll","background-type":"","background-media":"","overlay-type":"","overlay-color":"","overlay-opacity":"","overlay-gradient":""}},"ast-content-background-meta":{"desktop":{"background-color":"var(--ast-global-color-5)","background-image":"","background-repeat":"repeat","background-position":"center center","background-size":"auto","background-attachment":"scroll","background-type":"","background-media":"","overlay-type":"","overlay-color":"","overlay-opacity":"","overlay-gradient":""},"tablet":{"background-color":"var(--ast-global-color-5)","background-image":"","background-repeat":"repeat","background-position":"center center","background-size":"auto","background-attachment":"scroll","background-type":"","background-media":"","overlay-type":"","overlay-color":"","overlay-opacity":"","overlay-gradient":""},"mobile":{"background-color":"var(--ast-global-color-5)","background-image":"","background-repeat":"repeat","background-position":"center center","background-size":"auto","background-attachment":"scroll","background-type":"","background-media":"","overlay-type":"","overlay-color":"","overlay-opacity":"","overlay-gradient":""}}},"locations":[42,41],"product_brand":[],"product_cat":[54,59],"product_tag":[],"marcas":[],"class_list":{"0":"post-2103","1":"product","2":"type-product","3":"status-publish","4":"has-post-thumbnail","6":"locations-canarias","7":"locations-madrid","8":"product_cat-agendas","9":"product_cat-categoria-tercer-nivel","10":"product_shipping_class-precio-fijo","11":"desktop-align-left","12":"tablet-align-left","13":"mobile-align-left","15":"first","16":"instock","17":"sale","18":"featured","19":"shipping-taxable","20":"purchasable","21":"product-type-simple"},"acf":[],"yoast_head":"<!-- This site is optimized with the Yoast SEO plugin v25.9 - https:\/\/yoast.com\/wordpress\/plugins\/seo\/ -->\n<title>[Prueba] Agenda Charuca Anual 2025 (copia) -<\/title>\n<meta name=\"robots\" content=\"noindex, follow, max-snippet:-1, max-image-preview:large, max-video-preview:-1\" \/>\n<meta property=\"og:locale\" content=\"en_US\" \/>\n<meta property=\"og:type\" content=\"article\" \/>\n<meta property=\"og:title\" content=\"[Prueba] Agenda Charuca Anual 2025 (copia) -\" \/>\n<meta property=\"og:description\" content=\"Descripci\u00f3n corta del producto, atractiva y descriptiva en pocas palabras, dos l\u00edneas aprox. Aparece antes del bot\u00f3n de comprar y se sincroniza con Meta Shopping.\" \/>\n<meta property=\"og:url\" content=\"https:\/\/pruebasmarketing.pixelinnova.com\/en\/producto\/prueba-agenda-charuca-anual-2025-copia-2\/\" \/>\n<meta property=\"article:modified_time\" content=\"2025-06-24T09:04:06+00:00\" \/>\n<meta property=\"og:image\" content=\"https:\/\/pruebasmarketing.pixelinnova.com\/wp-content\/uploads\/2024\/10\/1.jpg\" \/>\n\t<meta property=\"og:image:width\" content=\"960\" \/>\n\t<meta property=\"og:image:height\" content=\"1200\" \/>\n\t<meta property=\"og:image:type\" content=\"image\/jpeg\" \/>\n<meta name=\"twitter:card\" content=\"summary_large_image\" \/>\n<meta name=\"twitter:label1\" content=\"Est. reading time\" \/>\n\t<meta name=\"twitter:data1\" content=\"1 minute\" \/>\n<script type=\"application\/ld+json\" class=\"yoast-schema-graph\">{\"@context\":\"https:\/\/schema.org\",\"@graph\":[{\"@type\":\"WebPage\",\"@id\":\"https:\/\/pruebasmarketing.pixelinnova.com\/en\/producto\/prueba-agenda-charuca-anual-2025-copia-2\/\",\"url\":\"https:\/\/pruebasmarketing.pixelinnova.com\/en\/producto\/prueba-agenda-charuca-anual-2025-copia-2\/\",\"name\":\"[Prueba] Agenda Charuca Anual 2025 (copia) -\",\"isPartOf\":{\"@id\":\"https:\/\/pruebasmarketing.pixelinnova.com\/en\/#website\"},\"primaryImageOfPage\":{\"@id\":\"https:\/\/pruebasmarketing.pixelinnova.com\/en\/producto\/prueba-agenda-charuca-anual-2025-copia-2\/#primaryimage\"},\"image\":{\"@id\":\"https:\/\/pruebasmarketing.pixelinnova.com\/en\/producto\/prueba-agenda-charuca-anual-2025-copia-2\/#primaryimage\"},\"thumbnailUrl\":\"https:\/\/pruebasmarketing.pixelinnova.com\/wp-content\/uploads\/2024\/10\/1.jpg\",\"datePublished\":\"2025-05-30T11:13:29+00:00\",\"dateModified\":\"2025-06-24T09:04:06+00:00\",\"breadcrumb\":{\"@id\":\"https:\/\/pruebasmarketing.pixelinnova.com\/en\/producto\/prueba-agenda-charuca-anual-2025-copia-2\/#breadcrumb\"},\"inLanguage\":\"en-US\",\"potentialAction\":[{\"@type\":\"ReadAction\",\"target\":[\"https:\/\/pruebasmarketing.pixelinnova.com\/en\/producto\/prueba-agenda-charuca-anual-2025-copia-2\/\"]}]},{\"@type\":\"ImageObject\",\"inLanguage\":\"en-US\",\"@id\":\"https:\/\/pruebasmarketing.pixelinnova.com\/en\/producto\/prueba-agenda-charuca-anual-2025-copia-2\/#primaryimage\",\"url\":\"https:\/\/pruebasmarketing.pixelinnova.com\/wp-content\/uploads\/2024\/10\/1.jpg\",\"contentUrl\":\"https:\/\/pruebasmarketing.pixelinnova.com\/wp-content\/uploads\/2024\/10\/1.jpg\",\"width\":960,\"height\":1200},{\"@type\":\"BreadcrumbList\",\"@id\":\"https:\/\/pruebasmarketing.pixelinnova.com\/en\/producto\/prueba-agenda-charuca-anual-2025-copia-2\/#breadcrumb\",\"itemListElement\":[{\"@type\":\"ListItem\",\"position\":1,\"name\":\"Portada\",\"item\":\"https:\/\/pruebasmarketing.pixelinnova.com\/en\/\"},{\"@type\":\"ListItem\",\"position\":2,\"name\":\"Shop\",\"item\":\"https:\/\/pruebasmarketing.pixelinnova.com\/shop\/\"},{\"@type\":\"ListItem\",\"position\":3,\"name\":\"[Prueba] Agenda Charuca Anual 2025 (copia)\"}]},{\"@type\":\"WebSite\",\"@id\":\"https:\/\/pruebasmarketing.pixelinnova.com\/en\/#website\",\"url\":\"https:\/\/pruebasmarketing.pixelinnova.com\/en\/\",\"name\":\"\",\"description\":\"\",\"potentialAction\":[{\"@type\":\"SearchAction\",\"target\":{\"@type\":\"EntryPoint\",\"urlTemplate\":\"https:\/\/pruebasmarketing.pixelinnova.com\/en\/?s={search_term_string}\"},\"query-input\":{\"@type\":\"PropertyValueSpecification\",\"valueRequired\":true,\"valueName\":\"search_term_string\"}}],\"inLanguage\":\"en-US\"}]}<\/script>\n<!-- \/ Yoast SEO plugin. -->","yoast_head_json":{"title":"[Prueba] Agenda Charuca Anual 2025 (copia) -","robots":{"index":"noindex","follow":"follow","max-snippet":"max-snippet:-1","max-image-preview":"max-image-preview:large","max-video-preview":"max-video-preview:-1"},"og_locale":"en_US","og_type":"article","og_title":"[Prueba] Agenda Charuca Anual 2025 (copia) -","og_description":"Descripci\u00f3n corta del producto, atractiva y descriptiva en pocas palabras, dos l\u00edneas aprox. Aparece antes del bot\u00f3n de comprar y se sincroniza con Meta Shopping.","og_url":"https:\/\/pruebasmarketing.pixelinnova.com\/en\/producto\/prueba-agenda-charuca-anual-2025-copia-2\/","article_modified_time":"2025-06-24T09:04:06+00:00","og_image":[{"width":960,"height":1200,"url":"https:\/\/pruebasmarketing.pixelinnova.com\/wp-content\/uploads\/2024\/10\/1.jpg","type":"image\/jpeg"}],"twitter_card":"summary_large_image","twitter_misc":{"Est. reading time":"1 minute"},"schema":{"@context":"https:\/\/schema.org","@graph":[{"@type":"WebPage","@id":"https:\/\/pruebasmarketing.pixelinnova.com\/en\/producto\/prueba-agenda-charuca-anual-2025-copia-2\/","url":"https:\/\/pruebasmarketing.pixelinnova.com\/en\/producto\/prueba-agenda-charuca-anual-2025-copia-2\/","name":"[Prueba] Agenda Charuca Anual 2025 (copia) -","isPartOf":{"@id":"https:\/\/pruebasmarketing.pixelinnova.com\/en\/#website"},"primaryImageOfPage":{"@id":"https:\/\/pruebasmarketing.pixelinnova.com\/en\/producto\/prueba-agenda-charuca-anual-2025-copia-2\/#primaryimage"},"image":{"@id":"https:\/\/pruebasmarketing.pixelinnova.com\/en\/producto\/prueba-agenda-charuca-anual-2025-copia-2\/#primaryimage"},"thumbnailUrl":"https:\/\/pruebasmarketing.pixelinnova.com\/wp-content\/uploads\/2024\/10\/1.jpg","datePublished":"2025-05-30T11:13:29+00:00","dateModified":"2025-06-24T09:04:06+00:00","breadcrumb":{"@id":"https:\/\/pruebasmarketing.pixelinnova.com\/en\/producto\/prueba-agenda-charuca-anual-2025-copia-2\/#breadcrumb"},"inLanguage":"en-US","potentialAction":[{"@type":"ReadAction","target":["https:\/\/pruebasmarketing.pixelinnova.com\/en\/producto\/prueba-agenda-charuca-anual-2025-copia-2\/"]}]},{"@type":"ImageObject","inLanguage":"en-US","@id":"https:\/\/pruebasmarketing.pixelinnova.com\/en\/producto\/prueba-agenda-charuca-anual-2025-copia-2\/#primaryimage","url":"https:\/\/pruebasmarketing.pixelinnova.com\/wp-content\/uploads\/2024\/10\/1.jpg","contentUrl":"https:\/\/pruebasmarketing.pixelinnova.com\/wp-content\/uploads\/2024\/10\/1.jpg","width":960,"height":1200},{"@type":"BreadcrumbList","@id":"https:\/\/pruebasmarketing.pixelinnova.com\/en\/producto\/prueba-agenda-charuca-anual-2025-copia-2\/#breadcrumb","itemListElement":[{"@type":"ListItem","position":1,"name":"Portada","item":"https:\/\/pruebasmarketing.pixelinnova.com\/en\/"},{"@type":"ListItem","position":2,"name":"Shop","item":"https:\/\/pruebasmarketing.pixelinnova.com\/shop\/"},{"@type":"ListItem","position":3,"name":"[Prueba] Agenda Charuca Anual 2025 (copia)"}]},{"@type":"WebSite","@id":"https:\/\/pruebasmarketing.pixelinnova.com\/en\/#website","url":"https:\/\/pruebasmarketing.pixelinnova.com\/en\/","name":"","description":"","potentialAction":[{"@type":"SearchAction","target":{"@type":"EntryPoint","urlTemplate":"https:\/\/pruebasmarketing.pixelinnova.com\/en\/?s={search_term_string}"},"query-input":{"@type":"PropertyValueSpecification","valueRequired":true,"valueName":"search_term_string"}}],"inLanguage":"en-US"}]}},"_links":{"self":[{"href":"https:\/\/pruebasmarketing.pixelinnova.com\/en\/wp-json\/wp\/v2\/product\/2103","targetHints":{"allow":["GET"]}}],"collection":[{"href":"https:\/\/pruebasmarketing.pixelinnova.com\/en\/wp-json\/wp\/v2\/product"}],"about":[{"href":"https:\/\/pruebasmarketing.pixelinnova.com\/en\/wp-json\/wp\/v2\/types\/product"}],"replies":[{"embeddable":true,"href":"https:\/\/pruebasmarketing.pixelinnova.com\/en\/wp-json\/wp\/v2\/comments?post=2103"}],"wp:featuredmedia":[{"embeddable":true,"href":"https:\/\/pruebasmarketing.pixelinnova.com\/en\/wp-json\/wp\/v2\/media\/2028"}],"wp:attachment":[{"href":"https:\/\/pruebasmarketing.pixelinnova.com\/en\/wp-json\/wp\/v2\/media?parent=2103"}],"wp:term":[{"taxonomy":"locations","embeddable":true,"href":"https:\/\/pruebasmarketing.pixelinnova.com\/en\/wp-json\/wp\/v2\/locations?post=2103"},{"taxonomy":"product_brand","embeddable":true,"href":"https:\/\/pruebasmarketing.pixelinnova.com\/en\/wp-json\/wp\/v2\/product_brand?post=2103"},{"taxonomy":"product_cat","embeddable":true,"href":"https:\/\/pruebasmarketing.pixelinnova.com\/en\/wp-json\/wp\/v2\/product_cat?post=2103"},{"taxonomy":"product_tag","embeddable":true,"href":"https:\/\/pruebasmarketing.pixelinnova.com\/en\/wp-json\/wp\/v2\/product_tag?post=2103"},{"taxonomy":"marcas","embeddable":true,"href":"https:\/\/pruebasmarketing.pixelinnova.com\/en\/wp-json\/wp\/v2\/marcas?post=2103"}],"curies":[{"name":"wp","href":"https:\/\/api.w.org\/{rel}","templated":true}]}}